{"id":4,"date":"2020-02-06T15:42:54","date_gmt":"2020-02-06T15:42:54","guid":{"rendered":"http:\/\/www.janipetterivirta.fi\/?page_id=4"},"modified":"2025-01-17T13:17:08","modified_gmt":"2025-01-17T11:17:08","slug":"cv","status":"publish","type":"page","link":"https:\/\/www.janipetterivirta.fi\/?page_id=4","title":{"rendered":"cv"},"content":{"rendered":"\n<p class=\"has-small-font-size\">JANI PETTERI VIRTA                    <br> <\/p>\n\n\n\n<p><\/p>\n\n\n\n<p class=\"has-small-font-size\">1977<br>syntyy Lappeenrannassa vuoden valoisimpana p\u00e4iv\u00e4n\u00e4<\/p>\n\n\n\n<p class=\"has-small-font-size\">1984-85<br>kolme laulukilpailuvoittoa Skinnarilan ala-asteella<br>1986-88<br>kaksi kultaa ja yksi pronssi Lappeenrannan korttelijalkapallosarjassa<br>1989<br>kirjoittaa yhdess\u00e4 J. Leinon kanssa koulun joulun\u00e4ytelm\u00e4n<\/p>\n\n\n\n<p class=\"has-small-font-size\">1994<br>Brasilia voittaa jalkapallon maailmanmestaruuden<\/p>\n\n\n\n<p class=\"has-small-font-size\">2000<br>pronssiveistos &#8221;Last Night I Dreamt That Somebody Loved Me&#8221; ALUE 3000 -n\u00e4yttelyss\u00e4 Joensuussa<br>osallistuu syksyll\u00e4 Joensuun Kuhasalossa ymp\u00e4rist\u00f6taiden\u00e4yttelyyn teo(kse)llaan &#8221;Sinun Rock&#8221;<br>ensimm\u00e4iset omat n\u00e4yttelyt P-K AMK:n Pilkon toimitiloissa:<br>* &#8221;Suomi-Baltia-Puola-Baltia-Suomi&#8221; \u2013valokuvan\u00e4yttely marraskuussa<br>* &#8221;Yht\u00e4 Kaikki&#8221; \u2013pikkujoulun\u00e4yttely, sis\u00e4lt\u00e4\u00e4 maalauksia ja kirjoituksia<br><br>2001<br>ymp\u00e4rist\u00f6taiden\u00e4yttely &#8221;Joey Ja Pacey, \u00c4lk\u00e4\u00e4 Kertoko \u00c4idille 2&#8221; Joensuussa,  Lappeenrannassa ja Helsingiss\u00e4<br>performanssikiertue &#8221;Etel\u00e4-Pohjoinen&#8221;<br>* &#8221;Galactuksella On N\u00e4lk\u00e4&#8221; Lappeenrannan Yli Unelmien -performanssitapahtumassa elokuussa<br>* performanssit &#8221;Born In The USA (Kate)&#8221; ja &#8221;M On Kirjain&#8221; Joensuussa Joen Y\u00f6ss\u00e4 elokuussa<br><br> 2002<br>lopputy\u00f6n\u00e4yttely &#8221;\u00dcber Aber G\u00fcnther&#8221; Joensuun kaupunginkirjaston Muikku-salissa tammikuussa, sis\u00e4lt\u00e4\u00e4 846 valokuvaa ja kaksi teksti\u00e4<br>valmistuu kuvataiteilijaksi Pohjois-Karjalan AMK:sta Joensuusta<br><br>2002-03<br>toimii Lappeenrannan kaupungin kulttuuritoimistossa kulttuurituottajaharjoittelijana ja graafisena suunnittelijana, vastaa mm. &#8221;lukuisten&#8221; tapahtumien visuaalisesta ilmeest\u00e4 (juliste, esite ym.)<br><br> 2003<br>mIT\u00c4 -tila- ja ymp\u00e4rist\u00f6taiden\u00e4yttely Imatran, Savonlinnan, Kiteen ja Joensuun kaupunginkirjastoissa sek\u00e4 Lappeenrannan Iso-Kamikaze-m\u00e4ess\u00e4 ja Parikkalassa j\u00e4rven rannalla<br><br>2004<br>&#8221;Not Gay Enough&#8221; -n\u00e4yttely Jyv\u00e4skyl\u00e4ss\u00e4, Vakiopaineessa, sis\u00e4lt\u00e4\u00e4 valokuvia, piirustuksia ja teksti\u00e4; avajaisp\u00e4iv\u00e4n\u00e4 performanssi<br>aloittaa kotimaisen kirjallisuuden opiskelut Turun yliopistossa<br><br>2005<br>osallistuu Creak &#8211; ketjureaktio -performanssitapahtumaan Lappeenrannassa t\u00f6ill\u00e4\u00e4n &#8221;Die Welt ist nicht Genug, Kitty Pryde&#8221; osat 1 ja 2<br>Niinku-n\u00e4yttely Pihaton Galleriassa Lappeenrannassa sis\u00e4lt\u00e4\u00e4 mm. valokuvia, tilateoksia, koosteita ja teksti\u00e4<br>&#8221;Str\u00e5lande!&#8221;-n\u00e4yttely Turun Kirjakahvilassa sis\u00e4lt\u00e4\u00e4 valokuvia ja tekstej\u00e4; avajaisp\u00e4iv\u00e4n\u00e4 musisointia<br><br>2006<br>esitt\u00e4\u00e4 musiikkia\/runoutta\/performanssia (valitse omasi) \u00e4\u00e4nell\u00e4\u00e4n ja kitarallaan kahdessa kotimaisen kirjallisuuden opiskelijoiden Muusa ry:n tapahtumassa<br>osallistuu perf06-tapahtumaan Porissa performansseillaan &#8221;Die Welt ist nicht Genug, Kitty Pryde&#8221; osat 1 ja 3; lis\u00e4ksi konsultoi paikallisia taideopiskelijoita tilausperformanssin suhteen ja ottaa lopulta osaa sen toteuttamiseen<br><br>2007<br>osallistuu Perf07-tapahtumaan Porissa performanssillaan \u201dDie Welt ist nicht Genug. Kitty Pryde\u201d osa 4; lis\u00e4ksi esitt\u00e4\u00e4 runolauluteokset \u201dItsepetosta 1-3\u201d ja \u201dT\u00e4\u00e4 on el\u00e4m\u00e4\u00e4\u201d<br>osallistuu Turku 2011 &#8211; Euroopan alakulttuurip\u00e4\u00e4kaupunki -hankkeen j\u00e4rjest\u00e4m\u00e4\u00e4n         Taideslummi-tapahtumaan suullaan ja kitarallaan<br>osallistuu Perfo-performanssi-iltaan Tampereen Telakalla performanssillaan \u201dKielletyt tunteet, Logan\u201d<br>osallistuu Porin Juhlaviikoille performanssillaan \u201dRogue vie sinun\u201d ja musiikkiesityksen\u00e4<br>esiintyy Muusa ry:n Kalevalan p\u00e4iv\u00e4n juhlassa kitaran kera, Aleksis Kiven p\u00e4iv\u00e4n juhlassa yhdess\u00e4 Mika Marttion kanssa, ja taiteidentutkimuksen opiskelijoiden Taitteen joululuhlassa yhdess\u00e4 Jaakko Mikkolan kanssa<br><br>2008<br>esiintyy maaliskuussa Jaakko Mikkolan kanssa Minna Canthin p\u00e4iv\u00e4n hissiperformanssissa Jusleniassa, Turun yliopistolla<br>10-vuotistaiteilijajuhlan\u00e4yttely &#8221;Jii Potenssiin Kolme&#8221; huhtikuussa Joensuun p\u00e4\u00e4kirjastossa. N\u00e4yttely noteerattiin sek\u00e4 Karjalaisessa ett\u00e4 Joensuun Ylioppilaslehdess\u00e4<br>osallistuu Perf08-tapahtumaan Porissa performanssillaan &#8221;Joskus fallos on vain fallos, professori X&#8221;<br>osallistuu Turku 2011 &#8211; Euroopan alakulttuurip\u00e4\u00e4kaupunki -hankkeen j\u00e4rjest\u00e4m\u00e4\u00e4n Taideslummi-tapahtumaan runoperformanssilla<br>osallistuu runoperformanssillaan Hommage-tapahtumaan Kankaanp\u00e4\u00e4n taidekoululla<br><br>2009<br>esiintyy maaliskuussa Otso Helasvuon kanssa Minna Canthin p\u00e4iv\u00e4n performanssissa Turun Vegasissa ja lokakuussa Muusa ry:n Aleksis Kiven p\u00e4iv\u00e4n gaalassa laulaen ja soittaen<br>osallistuu Perf09-tapahtumaan Porissa performanssillaan &#8221;Kyklooppi ei voi kontrolloida s\u00e4teit\u00e4\u00e4n&#8221;<br>osallistuu Turku 2011 &#8211; Euroopan alakulttuurip\u00e4\u00e4kaupunki -hankkeen j\u00e4rjest\u00e4m\u00e4\u00e4n Taideslummi-tapahtumaan suulla ja kitarallaan<\/p>\n\n\n\n<p class=\"has-small-font-size\">2010<br>osallistuu Turku 2011 &#8211; Euroopan alakulttuurip\u00e4\u00e4kaupunki -hankkeen j\u00e4rjest\u00e4m\u00e4\u00e4n Taideslummi-tapahtumaan esitt\u00e4m\u00e4ll\u00e4 eroottisia runoja stylofonin s\u00e4estyksell\u00e4<br>mukana Varsinais-Suomen runoviikkojen j\u00e4rjestelyiss\u00e4 &#8221;runo-olio&#8221;-ty\u00f6ryhm\u00e4ss\u00e4 sek\u00e4 performanssity\u00f6pajassa, jonka teo(kse)ssa h\u00e4n k\u00e4veli karjalaisuutta sis\u00e4\u00e4n linja-autoon karhupuvussa<br><br>2011<br>osallistuu Turku 2011 &#8211; Euroopan alakulttuurip\u00e4\u00e4kaupunki -hankkeen j\u00e4rjest\u00e4m\u00e4\u00e4n Taideslummi-tapahtumaan esitt\u00e4m\u00e4ll\u00e4 populaarimusiikkia akustisen kitaran s\u00e4estyksell\u00e4<br>esitt\u00e4\u00e4 Turun Barker-teatterin Incognito-iltamissa performanssin &#8221;Speak to me, Superman, speak to me\u201d<br><br>2012<br>Taideyhdistys Olohuoneen hallituksen j\u00e4sen ja varapuheenjohtaja<br>esitt\u00e4\u00e4 teemaan sopivia biisej\u00e4 sukupuolentutkimuksen ainej\u00e4rjest\u00f6 F-Pisteen Minna Canthin p\u00e4iv\u00e4n juhlissa<br>osallistuu Perf12 -tapahtumaan Porissa performanssillaan &#8221;There&#8217;s still some of the same stuff we got yesterday&#8221;<br>osallistuu Turku 2011 &#8211; Euroopan alakulttuurip\u00e4\u00e4kaupunki -hankkeen j\u00e4rjest\u00e4m\u00e4\u00e4n Taideslummi-tapahtumaan esitt\u00e4m\u00e4ll\u00e4 populaarimusiikkia ja p\u00e4tki\u00e4 tekeill\u00e4 olevasta gradustaan akustisen kitaran ja puukon s\u00e4estyksell\u00e4<br>viisi kuukautta vaihto-opiskelijana Podgoricassa, Montenegrossa: tekee videoita nettiin ja piirt\u00e4\u00e4 &#8221;Kansanmies Tito&#8221; -sarjakuvaa<br><br>2013<br>osallistuu Artist as Art -ty\u00f6pajaan ja esitt\u00e4\u00e4 sen pohjalta suunnitellut kuusi performanssiaan yl\u00e4otsikolla \u201cwill save the World, Sebastian Shaw\u201d New Performance Turku -festivaalin avajaistapahtumassa Kutomolla Turussa<br>esitt\u00e4\u00e4 miesp\u00e4\u00e4osaroolin Elina Minnin lyhytelokuvassa &#8221;Maledetta Primavera&#8221;, jonka ensiesitys on Antagon-festivaalilla Vartiovuoren vesivarastolla Turussa<br>runoja Turun Yliopiston luovan kirjoittamisen ainej\u00e4rjest\u00f6n vuosijulkaisussa, Antologiassa<br>esitt\u00e4\u00e4 performanssin &#8221;I just want to go home and have sex with my wife, Illyana&#8221; Performanssi on the Boat -tapahtumassa Rym\u00e4ttyl\u00e4n Hankan satamassa<br>perustaa Jani Petteri Virta Dance Companyn<br>esiintyy lukuisissa (puoli)yksityistilaisuuksissa laulaen ja kitaraa sek\u00e4 stylofonia soittaen; toisinaan my\u00f6s yhdess\u00e4 laulaja-kitaristi Juha V\u00e4is\u00e4sen kanssa<br>esitt\u00e4\u00e4 sivuosaroolin Jaakko Pallasvuon ja Kimmo Modigin lyhtyelokuvassa &#8221;Suomen paviljonki&#8221;, jonka ensiesitys on Sinne-galleriassa Helsingiss\u00e4 marraskuussa<br>esiintyy Turun runoliigan loppukarsinnassa marraskuussa<br>Jani Petteri Virta Dance Company esitt\u00e4\u00e4 Turun Barker-teatterin Incognito-iltamissa performanssin &#8221;Uskotko [..] syd\u00e4meen, sill\u00e4 [..]&#8221;<br><br>2014<br>Taideyhdistys Olohuoneen hallituksen varaj\u00e4sen<br>performanssi &#8221;Perfromanssi-X&#8221; Olohuone 306,4 km2 -kaupunkitaidetapahtumassa kes\u00e4kuussa<br>&#8221;Jani Petteri Virta esitt\u00e4\u00e4 kauniita rakkauslauluja (suomeksi)&#8221; -keikka Turun Klubilla kes\u00e4kuussa osana Olohuone 306,4 km2 -kaupunkitaidetapahtuman iltaklubia<br>hyv\u00e4ksyt\u00e4\u00e4nMuu ry:n taiteilijaj\u00e4seneksi<br>Jani Petteri Virta Dance Company esitt\u00e4\u00e4 performanssin \u201cEmme puhu t\u00e4st\u00e4 en\u00e4\u00e4!\u201d Pori Biennaalissa hein\u00e4kuussa<br>performanssi &#8221;Mik\u00e4 on sokea intohimosi J\/M?&#8221; J\u00c5-karnevaaleilla Turun V\u00e4h\u00e4torilla elokuussa<br>hyv\u00e4ksyt\u00e4\u00e4n Arte ry:n j\u00e4seneksi<br>performanssi \u201cN\u00e4ihin vaaroihin voi astua vain Shamaani\u201d Lumooja-klubilla, Turussa joulukuussa<br><br>2015        <br>Taideyhdistys Olohuoneen varapuheenjohtaja<br>performanssikritiikki Esitys-lehden numerossa 1\/2015<br>&#8221;prtrspktv2015&#8221; Titanik-gallerian projektitilassa tammikuussa; viikon kest\u00e4v\u00e4 ennakoiva retrospektiivi, joka sis\u00e4lsi yhden viikon kuuden p\u00e4iv\u00e4n aikana kuusi uutta performanssia<br>joogaperformanssi paikallisliikenteen bussissa kahtena helmikuun aamuna: yhteisty\u00f6 Valonian, Olohuone ry:n ja Turun joukkoliikenteen kanssa<br>performanssi \u201cVirpi ja Jani tekev\u00e4t jotain teemaan liittyv\u00e4\u00e4&#8221; yhdess\u00e4 runoilija-performanssitaiteilija Virpi Vairisen kanssa Lumooja-klubilla Tiirikkalassa, Turussa maaliskuussa<br>Muusikoiden musiikkiesitys Muusa ry:n 20-vuotisvuosijuhlassa K\u00e5renilla, Turussa huhtikuussa<br>Jani Petteri Virta Dance Companyn performanssi \u201cHelppo sanoa, olet yh\u00e4 ihminen&#8221; osana SPACE INVADERS III &#8211; Aesthetically tolerable \/ Taking over Otaniemi -festivaalia toukokuussa<br>powerpointperformanssi &#8221;I Know You Can Show Me \u2013 Revisited&#8221; Breathing-tapahtumassa Barker-teatterilla, Turussa, toukokuussa<br>-Petterin performanssi &#8221;Peto on irti&#8221; Jokisataman avajaiset -tapahtumassa Turussa toukokuussa<br>Jani Petteri Virta ja Ty\u00f6ryhm\u00e4n monitaideteos &#8221;Taidesokkotreffit&#8221; Olohuone 306,4 km2 -kaupunkitaidetapahtumassa kes\u00e4kuussa; omina yksitt\u00e4ist\u00f6in\u00e4 mukana yksi performanssi, maalaus &#8221;Josip Broz 2015&#8221; ja valokuvia<br>performanssi &#8221;Holier than holy, Holly G.&#8221; W\u00e4in\u00f6 Aaltosen Museon Ekoluodolla Turun taiteiden y\u00f6n\u00e4 elokuussa<br>tekee New Performance Turku -festivaalin kotisivuille sarjakuvia kirjoittajaryhm\u00e4ss\u00e4<br>performanssi &#8221;Me, My Friends &amp; I: Preludi&#8221; Barker-teatterin Incognito-iltamissa joulukuussa Turussa<br><br>2016<br>Taideyhdistys Olohuoneen hallituksen varapuheenjohtaja<br>performanssi \u201cNicholas, cara mia \u2026 \u2026 ajatukset ovat t\u00e4rkeit\u00e4, eiv\u00e4t esineet.\u201d Olohuone 306,4 km\u00b2 -kaupunkitaidetapahtuman avajaisklubilla Bar Kukassa, Turussa kes\u00e4kuussa <br>vetovastuussa ja yhten\u00e4 toteuttajana Olohuoneen oraakkelit -nimisess\u00e4 performatiivisessa ty\u00f6pajassa H2\u00d6-festivaalilla Turussa hein\u00e4kuussa<br>valmistuu filosofian maisteriksi Turun yliopiston humanistisesta tiedekunnasta kotimaisen kirjallisuuden oppiaineesta<br>n\u00e4yttely\/performanssi &#8221;Me, My Friends &amp; I&#8221; B-galleriassa Turussa elokuussa<br>performanssi &#8221;Synteettinen kehoni ei tarvitse ravintoa&#8221; KUMINA &#8211; Uuden kansanmusiikin ja runouden festivaalilla Turussa elokuussa<br>kirjoittaa New Performance Turku -festivaalin kotisivuille kaksi teksti\u00e4 kirjoittajaryhm\u00e4ss\u00e4<br>performanssi &#8221;Anna m\u00e4 fanitan sua (v\u00e4h\u00e4n) \/ Let Me Idolize You (a little)&#8221; Barker-teatterin Incognito-iltamissa joulukuussa Turussa<br><br>2017 (teemavuosi: A Different Self-Portrait)<br>Taideyhdistys Olohuone ry:n hallituksen varaj\u00e4sen<br>Turun kaupungin kulttuuritoimen apuraha Taidesokkotreffit-projektille<br>ensimm\u00e4inen A Different Self-Portrait -kokonaisuuteen kuuluva performanssi Barker-teatterin Incognito-iltamissa maaliskuussa Turussa<br>performanssi &#8221;I Know You Can Show Me (again)&#8221; El\u00e4v\u00e4n taiteen illassa Turun Ylioppilasteatterilla maaliskuussa<br>toinen A Different Self-Portrait -kokonaisuuteen kuuluva performanssi &#8221;Heal the World, herra B.&#8221; Barker-teatterin Incognito-iltamissa huhtikuussa Turussa<br>mukana Porin Kulttuuris\u00e4\u00e4d\u00f6n &#8221;Totuus Suomesta &#8211; The Truth About Finland&#8221; -kokonaisuuden julkaisussa teoksella &#8221;Found Art \/ L\u00f6ydetty&#8221; sek\u00e4 n\u00e4yttelyss\u00e4 Porissa hein\u00e4kuussa<br>uussyv\u00e4llinen performanssi Olohuone 306,4 km2 -kaupunkitaidefestivaalin p\u00e4\u00e4t\u00f6sklubilla kes\u00e4kuussa<br>DJ Rakkauden Zombi Taideyhdistys Olohuoneen Slow Dance Disco -kontissa Ruisrockissa hein\u00e4kuussa<br>osa k\u00e4sikirjoitusty\u00f6ryhm\u00e4\u00e4 ja miesp\u00e4\u00e4osan n\u00e4ytteleminen Taideyhdistys Olohuoneen tekem\u00e4ss\u00e4 &#8221;Ylioppilas ja Norppa&#8221; -n\u00e4ytelm\u00e4ss\u00e4 Ilmi\u00d6-festivaaleilla<br>Taidesokkotreffit -tapahtuman j\u00e4rjest\u00e4minen yhdess\u00e4 Mia Niemisen kanssa kahden viikon aikana kahdeksassa Turun vanhusten asumispalvelun yksik\u00f6ss\u00e4 ja kahdessa keskustan baarissa syyskuussa; mukana kaksi omaa performanssia<br>mukana Pilvi Porkolan toimittamassa kirjassa Performance Artist&#8217;s Workbook yhdell\u00e4 omalla performanssiharjoitteella<br>Jani Petteri Virta Dance Companyn performanssi &#8221;The Last Ship (The Legacy)&#8221; New Performance Turku Festivalin Hullabaloo -klubilla K\u00e5renilla (ep\u00e4virallisesti osa A Different Self-Portrait -kokonaisuutta)<br>kolmas A Different Self-Portrait -kokonaisuuteen kuuluva performanssi Barker-teatterin Incognito-iltamilla (joulukuussa) on Jani Petteri Virran ja Jani Petteri Virta Dance Companyn yhteistuotanto<br><br>2018<br>Taiteen edist\u00e4miskeskuksen kohdeapuraha taiteelliseen ty\u00f6skentelyyn performanssi- ja ymp\u00e4rist\u00f6taiteen alalla<br>Jani Petteri Virta Dance Companyn performanssi &#8221;A Different Self-Portrait: Did You Learn Nothing From Our Last Encounter?&#8221; Kutomolla p\u00e4\u00e4si\u00e4isen\u00e4<br>&#8221;Myyntin\u00e4yttely!&#8221; A Different Self-Portrait -projektin omakuvista toukokuussa City-Kirppis Manhattanilla Turussa<br>n\u00e4yttely\/performanssi &#8221;Maailman pisimm\u00e4lt\u00e4 tuntuva iltap\u00e4iv\u00e4&#8221; B-gallerian Superb!-      tapahtumakokonaisuudessa kes\u00e4kuussa <br>performanssi &#8221;Between us, it&#8217;s oh, so easy to see&#8221; Galleria Joellassa Turun Taiteiden y\u00f6n\u00e4 elokuussa<br>esitt\u00e4\u00e4 kolme runoa Yo-kyl\u00e4 Block Partyssa syyskuussa Turussa<br>ty\u00f6aiheinen performanssi &#8221;Ty\u00f6n uusi el\u00e4m\u00e4: millaista on ty\u00f6 2020-luvulla?&#8221; -tapahtumassa Baari Baarissa, Turussa, lokakuussa<br>Jani Petteri Virran ja Jani Petteri Virta Dance Companyn yhteistuotantona tehty 20-vuotistaiteilijajuhlaperformanssi &#8221;Pystyss\u00e4 katuja astelen&#8221; Barker-teatterin Incognito-iltamissa marraskuussa Turussa<br>20-vuotistaiteilijajuhlan\u00e4yttely It\u00e4inen Rantakatu l\u00e4hes-8:ssa joulukuussa Turussa<br><br>2019 (teemavuosi: Vuoden Nuorekas Taiteilija 2019)<br>n\u00e4yttely- ja residenssikoordinaattori Titanikissa, Turussa (9kk)<br>performanssi &#8221;J\u00c4LKI: sadboy_19&#8221; Olohuone 306,4 km2 -kaupunkitaidefestivaalin avajaisklubilla kes\u00e4kuussa Turussa<br>kolmip\u00e4iv\u00e4inen, performatiivisen osan sis\u00e4lt\u00e4v\u00e4 n\u00e4yttely &#8221;Touch Me (en odottanut siit\u00e4 ihan t\u00e4llaista)&#8221; B-gallerian Superb!-nykytaidefestivaalilla kes\u00e4kuussa Turussa<br>J\u00c4LKI-performanssivideon ensi-ilta The Janiness of Jani -yksityistapahtumassa kes\u00e4kuussa  Titanikissa, Turussa<br>performanssi Turun p\u00e4iv\u00e4n\u00e4 Turun k\u00e4velykadulla syyskuussa<br>podcast\/kuunnelmasarja &#8221;Turun kukkulat&#8221; Soundcloud-palvelussa (7 jaksoa)<br>uussyv\u00e4llinen performanssi &#8221;Kaunis on kanssasi kaipuu \/ Annan itselleni aikaa \/ Ole mulle kuisketta syd\u00e4men \/ Jos laulut totta oisivat&#8221; ja Taidesokkotreffien tuottaminen Taideyhdistys Olohuone ry:n syntym\u00e4p\u00e4ivill\u00e4 marraskuussa Turussa<br><br>2020 (teemavuosi: Ei Taidetta Turkuun)<br>Taideyhdistys Olohuone ry:n hallituksen j\u00e4sen  ja varapuheenjohtaja<br>Runoviikko ry:n hallituksen varaj\u00e4sen<br>Muusa ry:n kunniaj\u00e4sen t\u00e4st\u00e4 ikuisuuteen<br>lukee J\u00c4LKI-projektin tekstej\u00e4\u00e4n Runo-Kaarina-festivaalin Runoklubilla Piikki\u00f6ss\u00e4 helmikuussa<br>n\u00e4yttely\/performanssi J\u00c4LKI15032020 Taidekeskus Ahjossa Joensuussa maaliskuussa [n\u00e4yttely siirtyi koronatilanteen johdosta et\u00e4n\u00e4 toteutettavaksi ja virtuaalisesti sivuille janipetterivirta.fi sek\u00e4 instagramiin esille tulevaksi]<br>videoitu performanssi J\u00c4LKI15030202: Final Performance osana Performance K\u00f8kkenet -sivuston QuAR(T)antine video performance&#8217;n ohjelmaa toukokuussa<br>Taiteen edist\u00e4miskeskuksen korona-apuraha 1,5 kk:den luovaan ty\u00f6skentelyyn<br>perustaa Jani Petteri Virta Dance and Construction Companyn<br>n\u00e4yttelykokonaisuus &#8221;The Janiness of Jani&#8221; P-galleriassa Porissa lokakuussa sis\u00e4lt\u00e4\u00e4 sek\u00e4 n\u00e4yttely\u00e4 varten tuotettuja teoksia (taiteilijavalokuvasarja, 500 omakuvaa -piirrosriisi, postimerkki, taiteilijuuskuunnelma, ty\u00f6paja, p\u00e4\u00e4t\u00f6sperformanssi) ett\u00e4 aiempaa tuotantoa (videokooste, valokuvainstallaatio, Jani-nukke)<br>lukee J\u00c4LKI-projektin tekstej\u00e4\u00e4n Runo-Kaarina-klubilla Kaarinassa joulukuussa<br>sitaehaen \u2013 12 performanssia vedest\u00e4 -performanssisarja sis\u00e4lt\u00e4\u00e4 yhden performanssin joka kuukausi tammikuusta joulukuuhun; hein\u00e4kuun performanssi yhteisty\u00f6ss\u00e4 taiteilija Veera Lohinivan kanssa<br><br>2021 (teemavuoden oli tarkoitus olla: Apurahaton 2021)<br>Runoviikko ry:n hallituksen varaj\u00e4sen<br>mukana Titanikin ryhm\u00e4n\u00e4yttelyss\u00e4 Cadavre Exquis touko\u2013kes\u00e4kuussa<br>Taiteen edist\u00e4miskeskuksen korona-apuraha 2 kk:den taiteelliseen ty\u00f6skentelyyn<br>\u00e4\u00e4neen perustuva, postitse kymmenelle osallistujalle l\u00e4hetetty performanssi &#8221;mit\u00e4 my\u00f6 tehd\u00e4\u00e4n nyt&#8221; New Performance Turku -festivaalilla syyskuussa<br>viikon kest\u00e4v\u00e4 performanssitapahtuma ja video &#8221;Lyyrisen ja ruumiillisen kaupunkitaiteen mahdollisuudet luentotilassa&#8221; syyskuussa Titanikin projektitilassa, Turussa<br>podcast &#8221;T\u00e4htisarja Fan Fiction&#8221; Anchor-palvelussa (4 jaksoa)<br><br>2022<br>organisaatiotaiteilija ja tilavastaava Turun Kirjan talolla (2\/2022\u20131\/2023)<br>Runoviikko ry:n hallituksen varaj\u00e4sen<br>Taiteen edist\u00e4miskeskuksen kohdeapuraha lyhytepisodisarjan valmistamiseen<br>Taiteen edist\u00e4miskeskuksen korona-apuraha 2 kk:den taiteelliseen ty\u00f6skentelyyn<br>performanssilahjakortti ja tussippiiros osana Teosmyynti Ukrainan avuksi -myyntin\u00e4yttelyss\u00e4 maaliskuussa Turussa<br>performanssipartituuri osana Postitaide \u2013 MAIL ART -n\u00e4yttely\u00e4 kes\u00e4kuussa B-galleriassa, Turussa<br>osallistuu videoteoksella Rakkauden kouraisemat BETAbeta HJORTEN Skulpturpark -tapahtumaan elokuussa Ahlsellparkenissa, Tukholmassa<br>runoutta ja performanssia yhdist\u00e4v\u00e4 matkateos yhdess\u00e4 runoilija Hanna Stormin kanssa osana ty\u00f6t\u00e4 Kirjan talon organisaatiotaiteilijana elokuussa<br>Jani Petteri Virta Dance Companyn performanssi &#8221;\u2026jota jalo ja urhea syd\u00e4n <br>pumppaa&#8221; osana Mari K\u00e4m\u00e4r\u00e4isen kuratoimaa TY\u00d6MAA-n\u00e4yttely\u00e4 Titanikilla, Turussa syyskuussa<br>performanssi &#8221;Laatuaikaa performanssitaiteilijan kanssa&#8221; osana Porin Juhlaviikkoja Galleria 3h+k:ssa syyskuussa<br>performanssharjoiteafterwork-tapahtumia kahden viikon v\u00e4lein (yht. 8 kertaa) Turun taidemuseolla Kirjan talon ja Turun taidemuseon yhteisty\u00f6n\u00e4 syys\u2013joulukuussa<br><br>2023<br>n\u00e4yttely Petyin rakkauteen Space 81 -galleriassa, Turussa, tammikuussa<br>taiteellisen ty\u00f6skentelyn kitkakohtia k\u00e4sittelev\u00e4 teksti Uumen-verkkolehden maaliskuun numerossa<br>runoduetto Kilpakosijat yhdess\u00e4 Juha V\u00e4is\u00e4sen kanssa Turku\u00d6penMic-tapahtumassa syyskuussa (siirtyi peruuntuneilta Sieravuoren lavarunofestivaaleilta)<br>videoteos Rakkauden kouraisemat \/ Touched by Love Galleria Rongan MediaKulmassa, Tampereella, elokuussa<br>S\u00e4hk\u00f6inen allekirjoitukseni, piirroksia ja runoutta k\u00e4sitt\u00e4v\u00e4 kirjaobjekti ilmestyy kustantamo Kitan julkaisemana syyskuussa<br>performanssi\/esitelm\u00e4 Lyyrisen ja ruumiillisen kaupunkitaiteen mahdollisuudet luentotilassa osana Arten, Ehk\u00e4n ja Poesian Turun yliopiston kampuksen off site -hanketta Uni2 Turussa syyskuussa<\/p>\n\n\n\n<p class=\"has-small-font-size\">2024 <br>Turun kaupungin Pop up -apuraha performanssiteoksen toteuttamiseen<br>sarja osallistavia kirjallisia performansseja ja installaatio otsikolla Huomioita venttiilist\u00e4 Suomen Joutsenella, Turussa, hein\u00e4kuussa yhteisty\u00f6ss\u00e4 Forum Marinumin ja Kirjan talon kanssa \u2028<br>kolme numeroa J\u00e4lje\u00df\u00e4 -kirjoituskonerunouszine\u00e4<br>esiintyminen Runoviikko ry:n Runokimarassa Turun kansainv\u00e4lisill\u00e4 kirjamessuilla lokakuussa<br>1440-performanssit \u201dNuorempikin voi olla vanha\u201d ja \u201dJoskus klassikotkin\u201d Tehdas Teatterin Jokistudion Testing, testing -iltamissa, Turussa, lokakuussa\u2028 performanssi \u201dThe Last Ship (the Legacy) 2 \u2013 avoin tapaus\u201d osana Turun Taidelainaamon j\u00e4rjest\u00e4m\u00e4\u00e4 Metamorphosis -tapahtumaa Turun Taidehallissa marraskuussa<br>viisip\u00e4iv\u00e4inen performanssi\/installaatio \u201dHuokailen, ja yskin\u201d Turun akateemisen el\u00e4inoikeusseuran pop up -tapahtumassa Nummen kirjastossa marraskuussa, Turussa<br>1440-performanssi #3 \u201dH\u00e4n on Mojon olento.\u201d Arte ry:n pikkujouluissa Titanikilla, Turussa<br>countrykabaree-esitys Put a Little Lust In Your Heart Kirjan talon tukitapahtumassa joulukuussa, Turussa<\/p>\n\n\n\n<p class=\"has-small-font-size\">2025<br>miestaiteilijuutta k\u00e4sittelev\u00e4 piirrosn\u00e4yttely Adonis tammikuussa Galleria IPIOMAssa, IPI Kulmakuppilassa, Helsingiss\u00e4<br><br>Tulossa:<br><\/p>\n\n\n\n<p><\/p>\n\n\n\n<p><\/p>\n","protected":false},"excerpt":{"rendered":"<p>JANI PETTERI VIRTA 1977syntyy Lappeenrannassa vuoden valoisimpana p\u00e4iv\u00e4n\u00e4 1984-85kolme laulukilpailuvoittoa Skinnarilan ala-asteella1986-88kaksi kultaa ja yksi pronssi Lappeenrannan korttelijalkapallosarjassa1989kirjoittaa yhdess\u00e4 J. Leinon kanssa koulun joulun\u00e4ytelm\u00e4n 1994Brasilia voittaa jalkapallon maailmanmestaruuden 2000pronssiveistos &#8221;Last Night I Dreamt That Somebody Loved Me&#8221; ALUE 3000 -n\u00e4yttelyss\u00e4 Joensuussaosallistuu syksyll\u00e4 Joensuun Kuhasalossa ymp\u00e4rist\u00f6taiden\u00e4yttelyyn teo(kse)llaan &#8221;Sinun Rock&#8221;ensimm\u00e4iset omat n\u00e4yttelyt P-K AMK:n Pilkon toimitiloissa:* &#8221;Suomi-Baltia-Puola-Baltia-Suomi&#8221; &hellip; <\/p>\n<p class=\"link-more\"><a href=\"https:\/\/www.janipetterivirta.fi\/?page_id=4\" class=\"more-link\">More<span class=\"screen-reader-text\"> &#8221;cv&#8221;<\/span><\/a><\/p>\n","protected":false},"author":1,"featured_media":0,"parent":0,"menu_order":0,"comment_status":"closed","ping_status":"closed","template":"","meta":{"footnotes":""},"_links":{"self":[{"href":"https:\/\/www.janipetterivirta.fi\/index.php?rest_route=\/wp\/v2\/pages\/4"}],"collection":[{"href":"https:\/\/www.janipetterivirta.fi\/index.php?rest_route=\/wp\/v2\/pages"}],"about":[{"href":"https:\/\/www.janipetterivirta.fi\/index.php?rest_route=\/wp\/v2\/types\/page"}],"author":[{"embeddable":true,"href":"https:\/\/www.janipetterivirta.fi\/index.php?rest_route=\/wp\/v2\/users\/1"}],"replies":[{"embeddable":true,"href":"https:\/\/www.janipetterivirta.fi\/index.php?rest_route=%2Fwp%2Fv2%2Fcomments&post=4"}],"version-history":[{"count":13,"href":"https:\/\/www.janipetterivirta.fi\/index.php?rest_route=\/wp\/v2\/pages\/4\/revisions"}],"predecessor-version":[{"id":249,"href":"https:\/\/www.janipetterivirta.fi\/index.php?rest_route=\/wp\/v2\/pages\/4\/revisions\/249"}],"wp:attachment":[{"href":"https:\/\/www.janipetterivirta.fi\/index.php?rest_route=%2Fwp%2Fv2%2Fmedia&parent=4"}],"curies":[{"name":"wp","href":"https:\/\/api.w.org\/{rel}","templated":true}]}}