{"id":252,"date":"2025-07-16T15:45:46","date_gmt":"2025-07-16T13:45:46","guid":{"rendered":"https:\/\/www.janipetterivirta.fi\/?page_id=252"},"modified":"2025-07-16T15:53:14","modified_gmt":"2025-07-16T13:53:14","slug":"252-2","status":"publish","type":"page","link":"https:\/\/www.janipetterivirta.fi\/?page_id=252","title":{"rendered":"1440"},"content":{"rendered":"\n<p class=\"has-text-align-center\">Tuhatnelj\u00e4sataanelj\u00e4kymment\u00e4 performanssia, yksi jokaista vuorokauden minuuttia kohden. Onko t\u00e4m\u00e4 liikaa? \/\/ One thousand four hundred and forty performances, one for every minute of the day. Is this too much?<\/p>\n\n\n\n<p class=\"has-text-align-center has-regular-font-size\">Performanssit t\u00e4h\u00e4n menness\u00e4&#8230; \/\/ Performances so far&#8230;<br><\/p>\n\n\n\n<p class=\"has-text-align-center has-regular-font-size\">#1<br>22:37<br><em>Nuorempikin voi olla vanha \/\/ Younger can be old too<\/em><br>Jokistudio, Turku 11.10.2024<br><a href=\"https:\/\/www.youtube.com\/watch?v=G9erhpLx1RA\">https:\/\/www.youtube.com\/watch?v=G9erhpLx1RA<\/a><br><br>#2<br>12:14<br><em>Joskus klassikotkin \/\/ Sometimes even the classics<\/em><br>Jokistudio, Turku 11.10.2024<br><a href=\"https:\/\/www.youtube.com\/watch?v=06PIWkvISyI\">https:\/\/www.youtube.com\/watch?v=06PIWkvISyI<\/a><br><br>#3<br>01:12<br><em>\u201dH\u00e4n on Mojon olento.\u201d \/\/ &#8221;He is a creature of Mojo.&#8221;<\/em><br>Titanik, Turku, 18.12.2024<br><br>#4<br>06:49<br><em>\u201dLunta sataa niin paljon, ett\u00e4 ei n\u00e4e eteens\u00e4.\u201d \/\/ &#8221;It&#8217;s snowing so much that one can&#8217;t see ahead.&#8221;<\/em><br>Vantaan taidemuseo, 5.6.2025, Vantaa Art Museum<br><br>#5<br>19:11<br><em>\u201dHevoset eiv\u00e4t tallaa edess\u00e4\u00e4n olevia el\u00e4vi\u00e4 olentoja.\u201d \/\/ Horses do not trample living creatures in front of them.&#8221;<\/em><br>Vantaan taidemuseo, 5.6.2025, Vantaa Art Museum<br><br>#6<br>11:16<br><em>\u201dTulkaa jo, lapset!\u201d \/\/ &#8221;Come on, kids!&#8221;<\/em><br>Vantaan taidemuseo, 5.6.2025, Vantaa Art Museum<br><br>#7<br>23:42<br><em>\u201dMinun ajassani Jean Grey eli.\u201d \/\/ &#8221;In my time, Jean Grey lived.&#8221;<\/em><br>Vantaan taidemuseo, 5.6.2025, Vantaa Art Museum<\/p>\n","protected":false},"excerpt":{"rendered":"<p>Tuhatnelj\u00e4sataanelj\u00e4kymment\u00e4 performanssia, yksi jokaista vuorokauden minuuttia kohden. Onko t\u00e4m\u00e4 liikaa? \/\/ One thousand four hundred and forty performances, one for every minute of the day. Is this too much? Performanssit t\u00e4h\u00e4n menness\u00e4&#8230; \/\/ Performances so far&#8230; #122:37Nuorempikin voi olla vanha \/\/ Younger can be old tooJokistudio, Turku 11.10.2024https:\/\/www.youtube.com\/watch?v=G9erhpLx1RA #212:14Joskus klassikotkin \/\/ Sometimes even the classicsJokistudio, &hellip; <\/p>\n<p class=\"link-more\"><a href=\"https:\/\/www.janipetterivirta.fi\/?page_id=252\" class=\"more-link\">More<span class=\"screen-reader-text\"> &#8221;1440&#8221;<\/span><\/a><\/p>\n","protected":false},"author":1,"featured_media":0,"parent":0,"menu_order":0,"comment_status":"closed","ping_status":"closed","template":"","meta":{"footnotes":""},"_links":{"self":[{"href":"https:\/\/www.janipetterivirta.fi\/index.php?rest_route=\/wp\/v2\/pages\/252"}],"collection":[{"href":"https:\/\/www.janipetterivirta.fi\/index.php?rest_route=\/wp\/v2\/pages"}],"about":[{"href":"https:\/\/www.janipetterivirta.fi\/index.php?rest_route=\/wp\/v2\/types\/page"}],"author":[{"embeddable":true,"href":"https:\/\/www.janipetterivirta.fi\/index.php?rest_route=\/wp\/v2\/users\/1"}],"replies":[{"embeddable":true,"href":"https:\/\/www.janipetterivirta.fi\/index.php?rest_route=%2Fwp%2Fv2%2Fcomments&post=252"}],"version-history":[{"count":6,"href":"https:\/\/www.janipetterivirta.fi\/index.php?rest_route=\/wp\/v2\/pages\/252\/revisions"}],"predecessor-version":[{"id":260,"href":"https:\/\/www.janipetterivirta.fi\/index.php?rest_route=\/wp\/v2\/pages\/252\/revisions\/260"}],"wp:attachment":[{"href":"https:\/\/www.janipetterivirta.fi\/index.php?rest_route=%2Fwp%2Fv2%2Fmedia&parent=252"}],"curies":[{"name":"wp","href":"https:\/\/api.w.org\/{rel}","templated":true}]}}